{"id":3,"date":"2024-02-12T20:17:02","date_gmt":"2024-02-12T20:17:02","guid":{"rendered":"http:\/\/chmt.com.mx\/?page_id=3"},"modified":"2024-03-20T15:27:16","modified_gmt":"2024-03-20T15:27:16","slug":"aviso-de-privacidad","status":"publish","type":"page","link":"http:\/\/chmt.com.mx\/?page_id=3","title":{"rendered":"Aviso de privacidad"},"content":{"rendered":"\r\n<h2 class=\"wp-block-heading\" style=\"text-align: center;\"><span style=\"color: #ff0000;\"><span style=\"color: #0000ff;\">AVISO DE PRIVACIDAD BANCO DE SANGRE<\/span> <\/span><\/h2>\r\n<p>&nbsp;<\/p>\r\n<p><span style=\"color: #ff0000;\">RESPONSABLE DEL TRATAMIENTO DE DATOS PERSONALES<\/span><\/p>\r\n<p>Banco de Sangre (Conocido comercialmente como \u201cCHMT\u201d), en lo sucesivo \u201cCHMT\u201d, con domicilio en Av. Convento de Santa M\u00f3nica No. 113 Tercer Piso, Col. Frac. Jardines de Santa M\u00f3nica, C.P. 54050 Tlalnepantla de Baz, Estado de M\u00e9xico, es responsable del tratamiento de sus datos personales conforme a este Aviso de Privacidad. <span style=\"color: #ffffff;\">\u2014\u2014\u2014\u2014<\/span><\/p>\r\n<p>&nbsp;<\/p>\r\n<p><span style=\"color: #ff0000;\">DATOS QUE SE RECABARAN POR PARTE DEL \u201cCHMT\u201d <\/span><\/p>\r\n<p>Los datos personales de contacto y\/o de identificaci\u00f3n que tratara \u201cCHMT\u201d son nombre, im\u00e1genes, fecha de nacimiento, sexo, estado civil, domicilio, correo electr\u00f3nico, tel\u00e9fono (m\u00f3vil y\/o fijo), registro federal de contribuyentes, aquellos relacionados con el estado de salud e historial cl\u00ednico y modo de vida. Los datos personales pueden estar expresados en forma num\u00e9rica, alfab\u00e9tica, gr\u00e1fica, fotogr\u00e1fica, ac\u00fastica, y en forma de im\u00e1genes para expediente cl\u00ednico y sistema de video vigilancia presente en las instalaciones.<\/p>\r\n<p>&nbsp;<\/p>\r\n<p><span style=\"color: #ff0000;\">DATOS SENSIBLES<\/span><\/p>\r\n<p>\u201cCHMT \u201d recabar\u00e1 y tratar\u00e1 datos sensibles, relacionados con el estado de salud, antecedentes e historial cl\u00ednico e informaci\u00f3n sobre el modo de vida, necesario o conveniente para las finalidades se\u00f1alados en el presente documento. Los datos personales sensibles ser\u00e1n mantenidos y tratados con seguridad y confidencialidad para fines relacionados con la prestaci\u00f3n de servicios de salud y conforme a este Aviso de Privacidad.<\/p>\r\n<p>&nbsp;<\/p>\r\n<p><span style=\"color: #ff0000;\">OBJETO DEL TRATAMIENTO DE LOS DATOS PERSONALES<\/span><\/p>\r\n<p>Los Datos Personales en posesi\u00f3n de \u201cCHMT\u201d ser\u00e1n utilizados para las siguientes finalidades:<\/p>\r\n<ul>\r\n<li>Prestaci\u00f3n de servicios, estudios y an\u00e1lisis de laboratorio Inmunohematol\u00f3gicos.<\/li>\r\n<li>Creaci\u00f3n, estudio, registro, estad\u00edstica, an\u00e1lisis, actualizaci\u00f3n y mantenimiento de informaci\u00f3n de salud y expediente cl\u00ednico.<\/li>\r\n<li>Registro y control de servicios de hemoterapia y medicina transfusional.<\/li>\r\n<li>Mantenimiento de registros para seguimiento a servicios.<\/li>\r\n<li>Crear bases de datos (incluyendo bases de datos respecto a datos sensibles) para fines de atenci\u00f3n m\u00e9dica, estad\u00edsticos, de procesos de mejora de atenci\u00f3n y\/o control de calidad, para an\u00e1lisis de satisfacci\u00f3n de servicios relacionados con los fines mencionados en los incisos anteriores.<\/li>\r\n<li>Mantenimiento de registros para prestaci\u00f3n de servicios en el futuro.<\/li>\r\n<li>Facturaci\u00f3n y cobranza por servicios.<\/li>\r\n<li>An\u00e1lisis estad\u00edsticos y de mercado para promoci\u00f3n y mercadeo de productos y servicios de \u201cCHMT \u201d u otras empresas y servicios pertenecientes y\/o relacionados al mismo.<\/li>\r\n<li>Atender cualquier queja, pregunta y comentario.<\/li>\r\n<li>Para el caso de im\u00e1genes recabados a trav\u00e9s del sistema de video vigilancia presente en las instalaciones, est\u00e1s ser\u00e1n utilizadas para la vigilancia y seguridad de las instalaciones y equipo, la seguridad del personal, clientes y visitantes que tengan acceso a las instalaciones.<\/li>\r\n<li>En general para atender los requerimientos de las autoridades competentes y cumplir con la legislaci\u00f3n aplicable.<\/li>\r\n<\/ul>\r\n<p>En caso de que los titulares no deseen que \u201cCHMT \u201d d\u00e9 tratamiento a sus datos personales para las finalidades previstas anteriormente, tendr\u00e1n un plazo de 5 (cinco) d\u00edas para manifestar su negativa dirigiendo una comunicaci\u00f3n al Responsable de Datos Personales de \u201cCHMT \u201d enviando un correo electr\u00f3nico a la siguiente direcci\u00f3n: datospersonales@chmt.com.mx <span style=\"color: #ffffff;\">\u2014\u2014\u2014\u2014<\/span><\/p>\r\n<p>&nbsp;<\/p>\r\n<p><span style=\"color: #ff0000;\">TRANSFERENCIA<\/span><\/p>\r\n<p>Para la prestaci\u00f3n de servicios de hemoterapia y medicina transfusional, creaci\u00f3n, estudio, an\u00e1lisis, actualizaci\u00f3n y mantenimiento de expedientes cl\u00ednicos y diversos servicios profesionales, t\u00e9cnico y auxiliares de la salud relacionados a \u201cCHMT \u201d puede transferir dentro del pa\u00eds, los datos personales en su posesi\u00f3n a terceros subcontratados para los fines se\u00f1alados en este Aviso de Privacidad. Los terceros a los que se transferir\u00e1n dichos datos son laboratorios, cl\u00ednicas, hospitales, m\u00e9dicos relacionados, y en general cualquier personal de apoyo a los mismos y a \u201cCHMT \u201d o en su caso autoridades competentes.<\/p>\r\n<p>No ser\u00e1 necesario el consentimiento de los titulares cuando las transferencias se realicen a sociedades relacionadas a \u201cCHMT\u201d o cuando dicha transferencia sea necesaria para prestarle un servicio o mantener actualizados los expedientes cl\u00ednicos.<\/p>\r\n<p>En caso de que los titulares no deseen que \u201cCHMT \u201d transfiera sus datos personales, tendr\u00e1n un plazo de 5 (cinco) d\u00edas para manifestar su negativa dirigiendo una comunicaci\u00f3n al Responsable de Datos Personales de \u201cCHMT \u201d enviando un correo electr\u00f3nico a la siguiente direcci\u00f3n: datospersonales@chmt.com.mx<\/p>\r\n<p>&nbsp;<\/p>\r\n<p><span style=\"color: #ff0000;\">SOLICITUD DE ACCESO, RECTIFICACIO\u0301N, CANCELACIO\u0301N U OPOSICIO\u0301N DE DATOS PERSONALES Y REVOCACIO\u0301N DEL CONSENTIMIENTO (SOLICITUD ARCO)<\/span><\/p>\r\n<p>Todos los datos personales son tratados de conformidad con la legislaci\u00f3n aplicable y vigente, por ello los titulares de datos personales tienen en todo momento el derecho a acceder a los datos personales que posee \u201cCHMT\u201d y a los detalles del tratamiento de los mismos, as\u00ed como a rectificarlos en caso de ser inexactos o incompletos; cancelarlos cuando resulten ser excesivos o innecesarios para las finalidades que justificaron su obtenci\u00f3n y oponerse a su tratamiento.<\/p>\r\n<p>&nbsp;<\/p>\r\n<p><span style=\"color: #ff0000;\">MEDIOS PARA EJERCER DERECHOS ARCO (ACCESO, RECTIFICACIO\u0301N, CANCELACIO\u0301N Y OPOSICIO\u0301N)<\/span><\/p>\r\n<p>Para dar inicio a una Solicitud ARCO,el Titular deber\u00e1 presentar una solicitud por escrito dirigida al Responsable de Datos Personales de \u201cCHMT \u201d enviando un correo electr\u00f3nico a la siguiente direcci\u00f3n: datospersonales@chmt.com.mx o notificaci\u00f3n por escrito a Av. Convento de Santa M\u00f3nica No. 113 Tercer Piso, Col. Frac. Jardines de Santa M\u00f3nica, C.P. 54050 Tlalnepantla de Baz, Estado de M\u00e9xico., atenci\u00f3n a la Direcci\u00f3n Administrativa, Departamento de Relaciones P\u00fablicas, de lunes a viernes de 8:00 a las 16:00 hrs. que contenga la siguiente informaci\u00f3n:<\/p>\r\n<ul style=\"text-align: justify;\">\r\n<li>Nombre del titular.<\/li>\r\n<li>Domicilio del titular o direcci\u00f3n de correo electr\u00f3nico para comunicar respuesta a solicitud.<\/li>\r\n<li>Documentos que acrediten identidad o autorizaci\u00f3n para representarlo en la solicitud.<\/li>\r\n<li>Descripci\u00f3n de datos personales sobre los que se pretende ejercer alg\u00fan derecho ARCO.<\/li>\r\n<li>Fecha de atenci\u00f3n y nombre detalle de los servicios que recibi\u00f3.<\/li>\r\n<li>Cualquier otro elemento que permita la localizaci\u00f3n de los datos personales y atenci\u00f3n a la solicitud.<\/li>\r\n<\/ul>\r\n<p><span style=\"color: #ffffff;\">\u2014\u2014\u2014\u2014<\/span><\/p>\r\n<p><span style=\"color: #ff0000;\">LIMITACI\u00d3N DE USO Y DIVULGACI\u00d3N DE DATOS PERSONALES<\/span><\/p>\r\n<p>En su caso, los titulares podr\u00e1n limitar el uso de sus datos personales, a trav\u00e9s de un correo electr\u00f3nico a datospersonales@chmt.com.mx o notificaci\u00f3n por escrito a Av. Convento de Santa M\u00f3nica No. 113 Tercer Piso, Col. Frac. Jardines de Santa M\u00f3nica, C.P. 54050 Tlalnepantla de Baz, Estado de M\u00e9xico., dirigida al Responsable de Datos Personales de \u201cCHMT\u201d de lunes a viernes de 8:00 a las 16:00 hrs., en la que se se\u00f1ale la limitaci\u00f3n al uso de los datos deseada. <span style=\"color: #ffffff;\">\u2014\u2014\u2014\u2014<\/span><\/p>\r\n<p>&nbsp;<\/p>\r\n<p><span style=\"color: #ff0000;\">MEDIDAS PARA PROTEGER LOS DATOS PERSONALES<\/span><\/p>\r\n<p>Para prevenir el acceso no autorizado a los datos personales y con el fin de asegurar que la informaci\u00f3n sea utilizada para los fines establecidos en este Aviso de Privacidad, \u201cCHMT\u201d ha establecido procedimientos f\u00edsicos, electr\u00f3nicos y administrativos para evitar el uso o la revelaci\u00f3n de los datos personales, permitiendo sean tratados de forma adecuada. <span style=\"color: #ffffff;\">\u2014\u2014\u2014\u2014<\/span><\/p>\r\n<p>&nbsp;<\/p>\r\n<p><span style=\"color: #ff0000;\">COMO REVOCAR EL CONSENTIMIENTO<\/span><\/p>\r\n<p>En cualquier momento los titulares pueden solicitar la revocaci\u00f3n del consentimiento otorgado al \u201cCHMT\u201d para tratar sus datos personales enviando una solicitud por escrito dirigida a nuestro Responsable de Datos Personales de \u201cCHMT\u201d enviando un correo electr\u00f3nico a la siguiente direcci\u00f3n: datospersonales@chmt.com.mx o enviando una notificaci\u00f3n por escrito a Av. Convento de Santa M\u00f3nica No. 113 Tercer Piso, Col. Fracc. Jardines de Santa M\u00f3nica, C.P. 54050 Tlalnepantla de Baz, Estado de M\u00e9xico., atenci\u00f3n a\u00a0 Administraci\u00f3n, , de lunes a viernes de 8:00 a las 16:00 hrs. en la que se detalle claramente los datos respecto de los que revoca su consentimiento. <span style=\"color: #ffffff;\">\u2014\u2014<\/span><\/p>\r\n<p><span style=\"color: #ffffff;\">\u2014\u2014<\/span><\/p>\r\n<p><span style=\"color: #ff0000;\">OBLIGACI\u00d3N DE LA NOTIFICACIO\u0301N DE CAMBIOS AL AVISO DE PRIVACIDAD<\/span><\/p>\r\n<p>El presente Aviso de Privacidad podr\u00e1 ser modificado en cualquier momento para cumplir con actualizaciones legislativas, jurisprudenciales, pol\u00edticas internas, nuevos requisitos para la prestaci\u00f3n de servicios del \u201cCHMT\u201d o cualquier otra causa a entera discreci\u00f3n de \u201cCHMT\u201d. En tal caso, las modificaciones estar\u00e1n disponibles en nuestra p\u00e1gina de Internet http:\/\/www.chmt.com.mx\/aviso-de-privacidad o cualquier otro medio de comunicaci\u00f3n verbal, impreso o electr\u00f3nico que \u201cCHMT\u201d determine para tal efecto. Por todo lo anteriormente le\u00eddo, declaro bajo protesta de decir verdad que he le\u00eddo en su totalidad este Aviso de Privacidad y entiendo plenamente su alcance y contenido. Por medio del presente otorgo mi consentimiento para que \u201cCHMT\u201d, trate mis datos personales de acuerdo a este Aviso de Privacidad. Consiento el tratamiento por \u201cCHMT\u201d de mis datos personales sensibles y la transferencia de mis datos personales para los fines descritos en el presente documento.<\/p>\r\n<h2>\u00a0<\/h2>\r\n<h2><\/h2>","protected":false},"excerpt":{"rendered":"<p>AVISO DE PRIVACIDAD BANCO DE SANGRE &nbsp; RESPONSABLE DEL TRATAMIENTO DE DATOS PERSONALES Banco de Sangre (Conocido comercialmente como \u201cCHMT\u201d), en lo sucesivo \u201cCHMT\u201d, con domicilio en Av. Convento de Santa M\u00f3nica No. 113 Tercer Piso, Col. Frac. Jardines de Santa M\u00f3nica, C.P. 54050 Tlalnepantla de Baz, Estado de M\u00e9xico, es responsable del tratamiento de [&hellip;]<\/p>\n","protected":false},"author":1,"featured_media":0,"parent":0,"menu_order":0,"comment_status":"closed","ping_status":"open","template":"","meta":{"footnotes":""},"class_list":["post-3","page","type-page","status-publish","hentry"],"_links":{"self":[{"href":"http:\/\/chmt.com.mx\/index.php?rest_route=\/wp\/v2\/pages\/3","targetHints":{"allow":["GET"]}}],"collection":[{"href":"http:\/\/chmt.com.mx\/index.php?rest_route=\/wp\/v2\/pages"}],"about":[{"href":"http:\/\/chmt.com.mx\/index.php?rest_route=\/wp\/v2\/types\/page"}],"author":[{"embeddable":true,"href":"http:\/\/chmt.com.mx\/index.php?rest_route=\/wp\/v2\/users\/1"}],"replies":[{"embeddable":true,"href":"http:\/\/chmt.com.mx\/index.php?rest_route=%2Fwp%2Fv2%2Fcomments&post=3"}],"version-history":[{"count":6,"href":"http:\/\/chmt.com.mx\/index.php?rest_route=\/wp\/v2\/pages\/3\/revisions"}],"predecessor-version":[{"id":143,"href":"http:\/\/chmt.com.mx\/index.php?rest_route=\/wp\/v2\/pages\/3\/revisions\/143"}],"wp:attachment":[{"href":"http:\/\/chmt.com.mx\/index.php?rest_route=%2Fwp%2Fv2%2Fmedia&parent=3"}],"curies":[{"name":"wp","href":"https:\/\/api.w.org\/{rel}","templated":true}]}}